{"id":20,"date":"2020-10-07T08:48:03","date_gmt":"2020-10-07T08:48:03","guid":{"rendered":"http:\/\/gobelingaleria.hu\/?page_id=20"},"modified":"2020-10-08T14:16:20","modified_gmt":"2020-10-08T14:16:20","slug":"kezdolap","status":"publish","type":"page","link":"https:\/\/gobelingaleria.hu\/","title":{"rendered":"Gobelin Gal\u00e9ria K\u00e9zimunka \u00c1ruh\u00e1z"},"content":{"rendered":"\n<h4 class=\"has-text-align-center\" id=\"block-0d4d3af1-723a-4678-a08d-bce3b8e388a5\"><br>Nyitva tart\u00e1s, h\u00e9tf\u0151- p\u00e9ntek 9-17, szombat 9-12<\/h4>\n\n\n\n<p><\/p>\n\n\n\n<figure class=\"wp-block-table\"><table><tbody><tr><td><img loading=\"lazy\" width=\"200\" height=\"290\" class=\"wp-image-28\" style=\"width: 250px;\" src=\"http:\/\/gobelingaleria.hu\/wp-content\/uploads\/2020\/10\/logocs.jpg\" alt=\"\"><\/td><td>Gobelin alapok nagy v\u00e1laszt\u00e9ka<br>Puppets, V\u00e9nusz, Rosace, Ancorn himz\u0151k<br>Ancor gyapj\u00fa himz\u0151<br>Puppets Perl\u00e9<br>Varr\u00f3 keretek<br>KANAVA, KONGR\u00c9, v\u00e1szon m\u00e9ter\u00e1ru<br>Kalocsai el\u0151nyomott ter\u00edt\u0151k<br>Futok<br>K\u00d6T\u0150 \u00c9S HORGOL\u00d3 FONALAK<br>K\u00d6T\u0150 \u00c9S HORGOL\u00d3 T\u0170K<br>Gy\u00f6ngy\u00f6k \u00e9s alkatr\u00e9szek<br>Szalagok, zsin\u00f3rok<br>Gumi kalap \u00e9s maszk<br>Keretez\u00e9s<br>Kreat\u00edv kieg\u00e9sz\u00edt\u0151k<br>K\u00e9zm\u0171ves term\u00e9kek<\/td><\/tr><\/tbody><\/table><\/figure>\n\n\n\n<h3 class=\"has-text-align-center\" id=\"block-0d4d3af1-723a-4678-a08d-bce3b8e388a5\">SZAKEMBEREK V\u00c1RJ\u00c1K KEDVES V\u00c1S\u00c1RL\u00d3INKAT<br>INGYENES TAN\u00cdT\u00c1SSAL,TAN\u00c1CSAD\u00c1SSAL.<\/h3>\n","protected":false},"excerpt":{"rendered":"<p>Nyitva tart\u00e1s, h\u00e9tf\u0151- p\u00e9ntek 9-17, szombat 9-12 Gobelin alapok nagy v\u00e1laszt\u00e9kaPuppets, V\u00e9nusz, Rosace, Ancorn himz\u0151kAncor gyapj\u00fa himz\u0151Puppets Perl\u00e9Varr\u00f3 keretekKANAVA, KONGR\u00c9, v\u00e1szon m\u00e9ter\u00e1ruKalocsai el\u0151nyomott ter\u00edt\u0151kFutokK\u00d6T\u0150 \u00c9S HORGOL\u00d3 FONALAKK\u00d6T\u0150 \u00c9S HORGOL\u00d3 T\u0170KGy\u00f6ngy\u00f6k \u00e9s alkatr\u00e9szekSzalagok, zsin\u00f3rokGumi kalap \u00e9s maszkKeretez\u00e9sKreat\u00edv kieg\u00e9sz\u00edt\u0151kK\u00e9zm\u0171ves term\u00e9kek SZAKEMBEREK V\u00c1RJ\u00c1K KEDVES V\u00c1S\u00c1RL\u00d3INKATINGYENES TAN\u00cdT\u00c1SSAL,TAN\u00c1CSAD\u00c1SSAL.<\/p>\n","protected":false},"author":1,"featured_media":0,"parent":0,"menu_order":0,"comment_status":"closed","ping_status":"closed","template":"","meta":[],"_links":{"self":[{"href":"https:\/\/gobelingaleria.hu\/index.php?rest_route=\/wp\/v2\/pages\/20"}],"collection":[{"href":"https:\/\/gobelingaleria.hu\/index.php?rest_route=\/wp\/v2\/pages"}],"about":[{"href":"https:\/\/gobelingaleria.hu\/index.php?rest_route=\/wp\/v2\/types\/page"}],"author":[{"embeddable":true,"href":"https:\/\/gobelingaleria.hu\/index.php?rest_route=\/wp\/v2\/users\/1"}],"replies":[{"embeddable":true,"href":"https:\/\/gobelingaleria.hu\/index.php?rest_route=%2Fwp%2Fv2%2Fcomments&post=20"}],"version-history":[{"count":12,"href":"https:\/\/gobelingaleria.hu\/index.php?rest_route=\/wp\/v2\/pages\/20\/revisions"}],"predecessor-version":[{"id":55,"href":"https:\/\/gobelingaleria.hu\/index.php?rest_route=\/wp\/v2\/pages\/20\/revisions\/55"}],"wp:attachment":[{"href":"https:\/\/gobelingaleria.hu\/index.php?rest_route=%2Fwp%2Fv2%2Fmedia&parent=20"}],"curies":[{"name":"wp","href":"https:\/\/api.w.org\/{rel}","templated":true}]}}